{"id":1275,"date":"2018-11-06T11:05:24","date_gmt":"2018-11-06T10:05:24","guid":{"rendered":"http:\/\/hoteltatra.test.ptagroup.sk\/domov\/"},"modified":"2022-02-21T15:25:46","modified_gmt":"2022-02-21T14:25:46","slug":"homepage","status":"publish","type":"page","link":"https:\/\/hoteltatra.sk\/de\/homepage\/","title":{"rendered":"Homepage"},"content":{"rendered":"","protected":false},"excerpt":{"rendered":"","protected":false},"author":3,"featured_media":0,"parent":0,"menu_order":0,"comment_status":"closed","ping_status":"closed","template":"template-pages\/home.php","meta":{"_acf_changed":false,"footnotes":""},"class_list":["post-1275","page","type-page","status-publish","hentry"],"acf":[],"yoast_head":"<!-- This site is optimized with the Yoast SEO plugin v27.5 - https:\/\/yoast.com\/product\/yoast-seo-wordpress\/ -->\n<title>Hotel Tatra Bratislava \u2013 ubytovanie, kongresov\u00e9 priestory<\/title>\n<meta name=\"description\" content=\"Na dev\u00e4\u0165desiat ro\u010dnej hist\u00f3rii Hotela Tatra sa podp\u00edsali stovky spokojn\u00fdch host\u00ed. \u0160pi\u010dkov\u00fd person\u00e1l a exkluz\u00edvna lokalita v tesnej bl\u00edzkosti Prezidentsk\u00e9ho pal\u00e1ca\" \/>\n<meta name=\"robots\" content=\"index, follow, max-snippet:-1, max-image-preview:large, max-video-preview:-1\" \/>\n<link rel=\"canonical\" href=\"https:\/\/hoteltatra.sk\/de\/homepage\/\" \/>\n<meta property=\"og:locale\" content=\"de_DE\" \/>\n<meta property=\"og:type\" content=\"article\" \/>\n<meta property=\"og:title\" content=\"Hotel Tatra Bratislava \u2013 ubytovanie, kongresov\u00e9 priestory\" \/>\n<meta property=\"og:description\" content=\"Na dev\u00e4\u0165desiat ro\u010dnej hist\u00f3rii Hotela Tatra sa podp\u00edsali stovky spokojn\u00fdch host\u00ed. \u0160pi\u010dkov\u00fd person\u00e1l a exkluz\u00edvna lokalita v tesnej bl\u00edzkosti Prezidentsk\u00e9ho pal\u00e1ca\" \/>\n<meta property=\"og:url\" content=\"https:\/\/hoteltatra.sk\/de\/homepage\/\" \/>\n<meta property=\"og:site_name\" content=\"Hotel Tatra Bratislava\" \/>\n<meta property=\"article:modified_time\" content=\"2022-02-21T14:25:46+00:00\" \/>\n<meta name=\"twitter:card\" content=\"summary_large_image\" \/>\n<script type=\"application\/ld+json\" class=\"yoast-schema-graph\">{\"@context\":\"https:\\\/\\\/schema.org\",\"@graph\":[{\"@type\":\"WebPage\",\"@id\":\"https:\\\/\\\/hoteltatra.sk\\\/de\\\/homepage\\\/\",\"url\":\"https:\\\/\\\/hoteltatra.sk\\\/de\\\/homepage\\\/\",\"name\":\"Hotel Tatra Bratislava \u2013 ubytovanie, kongresov\u00e9 priestory\",\"isPartOf\":{\"@id\":\"https:\\\/\\\/hoteltatra.sk\\\/#website\"},\"datePublished\":\"2018-11-06T10:05:24+00:00\",\"dateModified\":\"2022-02-21T14:25:46+00:00\",\"description\":\"Na dev\u00e4\u0165desiat ro\u010dnej hist\u00f3rii Hotela Tatra sa podp\u00edsali stovky spokojn\u00fdch host\u00ed. \u0160pi\u010dkov\u00fd person\u00e1l a exkluz\u00edvna lokalita v tesnej bl\u00edzkosti Prezidentsk\u00e9ho pal\u00e1ca\",\"breadcrumb\":{\"@id\":\"https:\\\/\\\/hoteltatra.sk\\\/de\\\/homepage\\\/#breadcrumb\"},\"inLanguage\":\"de-DE\",\"potentialAction\":[{\"@type\":\"ReadAction\",\"target\":[\"https:\\\/\\\/hoteltatra.sk\\\/de\\\/homepage\\\/\"]}]},{\"@type\":\"BreadcrumbList\",\"@id\":\"https:\\\/\\\/hoteltatra.sk\\\/de\\\/homepage\\\/#breadcrumb\",\"itemListElement\":[{\"@type\":\"ListItem\",\"position\":1,\"name\":\"Home\",\"item\":\"https:\\\/\\\/hoteltatra.sk\\\/de\\\/\"},{\"@type\":\"ListItem\",\"position\":2,\"name\":\"Homepage\"}]},{\"@type\":\"WebSite\",\"@id\":\"https:\\\/\\\/hoteltatra.sk\\\/#website\",\"url\":\"https:\\\/\\\/hoteltatra.sk\\\/\",\"name\":\"Hotel Tatra Bratislava\",\"description\":\"\",\"potentialAction\":[{\"@type\":\"SearchAction\",\"target\":{\"@type\":\"EntryPoint\",\"urlTemplate\":\"https:\\\/\\\/hoteltatra.sk\\\/?s={search_term_string}\"},\"query-input\":{\"@type\":\"PropertyValueSpecification\",\"valueRequired\":true,\"valueName\":\"search_term_string\"}}],\"inLanguage\":\"de-DE\"}]}<\/script>\n<!-- \/ Yoast SEO plugin. -->","yoast_head_json":{"title":"Hotel Tatra Bratislava \u2013 ubytovanie, kongresov\u00e9 priestory","description":"Na dev\u00e4\u0165desiat ro\u010dnej hist\u00f3rii Hotela Tatra sa podp\u00edsali stovky spokojn\u00fdch host\u00ed. \u0160pi\u010dkov\u00fd person\u00e1l a exkluz\u00edvna lokalita v tesnej bl\u00edzkosti Prezidentsk\u00e9ho pal\u00e1ca","robots":{"index":"index","follow":"follow","max-snippet":"max-snippet:-1","max-image-preview":"max-image-preview:large","max-video-preview":"max-video-preview:-1"},"canonical":"https:\/\/hoteltatra.sk\/de\/homepage\/","og_locale":"de_DE","og_type":"article","og_title":"Hotel Tatra Bratislava \u2013 ubytovanie, kongresov\u00e9 priestory","og_description":"Na dev\u00e4\u0165desiat ro\u010dnej hist\u00f3rii Hotela Tatra sa podp\u00edsali stovky spokojn\u00fdch host\u00ed. \u0160pi\u010dkov\u00fd person\u00e1l a exkluz\u00edvna lokalita v tesnej bl\u00edzkosti Prezidentsk\u00e9ho pal\u00e1ca","og_url":"https:\/\/hoteltatra.sk\/de\/homepage\/","og_site_name":"Hotel Tatra Bratislava","article_modified_time":"2022-02-21T14:25:46+00:00","twitter_card":"summary_large_image","schema":{"@context":"https:\/\/schema.org","@graph":[{"@type":"WebPage","@id":"https:\/\/hoteltatra.sk\/de\/homepage\/","url":"https:\/\/hoteltatra.sk\/de\/homepage\/","name":"Hotel Tatra Bratislava \u2013 ubytovanie, kongresov\u00e9 priestory","isPartOf":{"@id":"https:\/\/hoteltatra.sk\/#website"},"datePublished":"2018-11-06T10:05:24+00:00","dateModified":"2022-02-21T14:25:46+00:00","description":"Na dev\u00e4\u0165desiat ro\u010dnej hist\u00f3rii Hotela Tatra sa podp\u00edsali stovky spokojn\u00fdch host\u00ed. \u0160pi\u010dkov\u00fd person\u00e1l a exkluz\u00edvna lokalita v tesnej bl\u00edzkosti Prezidentsk\u00e9ho pal\u00e1ca","breadcrumb":{"@id":"https:\/\/hoteltatra.sk\/de\/homepage\/#breadcrumb"},"inLanguage":"de-DE","potentialAction":[{"@type":"ReadAction","target":["https:\/\/hoteltatra.sk\/de\/homepage\/"]}]},{"@type":"BreadcrumbList","@id":"https:\/\/hoteltatra.sk\/de\/homepage\/#breadcrumb","itemListElement":[{"@type":"ListItem","position":1,"name":"Home","item":"https:\/\/hoteltatra.sk\/de\/"},{"@type":"ListItem","position":2,"name":"Homepage"}]},{"@type":"WebSite","@id":"https:\/\/hoteltatra.sk\/#website","url":"https:\/\/hoteltatra.sk\/","name":"Hotel Tatra Bratislava","description":"","potentialAction":[{"@type":"SearchAction","target":{"@type":"EntryPoint","urlTemplate":"https:\/\/hoteltatra.sk\/?s={search_term_string}"},"query-input":{"@type":"PropertyValueSpecification","valueRequired":true,"valueName":"search_term_string"}}],"inLanguage":"de-DE"}]}},"_links":{"self":[{"href":"https:\/\/hoteltatra.sk\/de\/wp-json\/wp\/v2\/pages\/1275","targetHints":{"allow":["GET"]}}],"collection":[{"href":"https:\/\/hoteltatra.sk\/de\/wp-json\/wp\/v2\/pages"}],"about":[{"href":"https:\/\/hoteltatra.sk\/de\/wp-json\/wp\/v2\/types\/page"}],"author":[{"embeddable":true,"href":"https:\/\/hoteltatra.sk\/de\/wp-json\/wp\/v2\/users\/3"}],"replies":[{"embeddable":true,"href":"https:\/\/hoteltatra.sk\/de\/wp-json\/wp\/v2\/comments?post=1275"}],"version-history":[{"count":18,"href":"https:\/\/hoteltatra.sk\/de\/wp-json\/wp\/v2\/pages\/1275\/revisions"}],"predecessor-version":[{"id":12911,"href":"https:\/\/hoteltatra.sk\/de\/wp-json\/wp\/v2\/pages\/1275\/revisions\/12911"}],"wp:attachment":[{"href":"https:\/\/hoteltatra.sk\/de\/wp-json\/wp\/v2\/media?parent=1275"}],"curies":[{"name":"wp","href":"https:\/\/api.w.org\/{rel}","templated":true}]}}