{"id":1289,"date":"2018-11-06T11:06:52","date_gmt":"2018-11-06T10:06:52","guid":{"rendered":"http:\/\/hoteltatra.test.ptagroup.sk\/o-nas\/"},"modified":"2020-07-02T16:49:28","modified_gmt":"2020-07-02T14:49:28","slug":"ueber-uns","status":"publish","type":"page","link":"https:\/\/hoteltatra.sk\/de\/ueber-uns\/","title":{"rendered":"\u00dcber uns"},"content":{"rendered":"","protected":false},"excerpt":{"rendered":"","protected":false},"author":3,"featured_media":0,"parent":0,"menu_order":0,"comment_status":"closed","ping_status":"closed","template":"template-pages\/about.php","meta":{"_acf_changed":false,"footnotes":""},"class_list":["post-1289","page","type-page","status-publish","hentry"],"acf":[],"yoast_head":"<!-- This site is optimized with the Yoast SEO plugin v27.4 - https:\/\/yoast.com\/product\/yoast-seo-wordpress\/ -->\n<title>O n\u00e1s - Hotel Tatra Bratislava<\/title>\n<meta name=\"description\" content=\"Hotel Tatra bol zalo\u017een\u00fd v tridsiatych rokov minul\u00e9ho storo\u010dia. Hotel sa postupom \u010dasu stal centrom kult\u00farneho i spolo\u010densk\u00e9ho diania v Bratislave\" \/>\n<meta name=\"robots\" content=\"index, follow, max-snippet:-1, max-image-preview:large, max-video-preview:-1\" \/>\n<link rel=\"canonical\" href=\"https:\/\/hoteltatra.sk\/o-nas\/\" \/>\n<meta property=\"og:locale\" content=\"de_DE\" \/>\n<meta property=\"og:type\" content=\"article\" \/>\n<meta property=\"og:title\" content=\"O n\u00e1s - Hotel Tatra Bratislava\" \/>\n<meta property=\"og:description\" content=\"Hotel Tatra bol zalo\u017een\u00fd v tridsiatych rokov minul\u00e9ho storo\u010dia. Hotel sa postupom \u010dasu stal centrom kult\u00farneho i spolo\u010densk\u00e9ho diania v Bratislave\" \/>\n<meta property=\"og:url\" content=\"https:\/\/hoteltatra.sk\/o-nas\/\" \/>\n<meta property=\"og:site_name\" content=\"Hotel Tatra Bratislava\" \/>\n<meta property=\"article:modified_time\" content=\"2020-07-02T14:49:28+00:00\" \/>\n<meta name=\"twitter:card\" content=\"summary_large_image\" \/>\n<script type=\"application\/ld+json\" class=\"yoast-schema-graph\">{\"@context\":\"https:\\\/\\\/schema.org\",\"@graph\":[{\"@type\":\"WebPage\",\"@id\":\"https:\\\/\\\/hoteltatra.sk\\\/o-nas\\\/\",\"url\":\"https:\\\/\\\/hoteltatra.sk\\\/o-nas\\\/\",\"name\":\"O n\u00e1s - Hotel Tatra Bratislava\",\"isPartOf\":{\"@id\":\"https:\\\/\\\/hoteltatra.sk\\\/#website\"},\"datePublished\":\"2018-11-06T10:06:52+00:00\",\"dateModified\":\"2020-07-02T14:49:28+00:00\",\"description\":\"Hotel Tatra bol zalo\u017een\u00fd v tridsiatych rokov minul\u00e9ho storo\u010dia. Hotel sa postupom \u010dasu stal centrom kult\u00farneho i spolo\u010densk\u00e9ho diania v Bratislave\",\"breadcrumb\":{\"@id\":\"https:\\\/\\\/hoteltatra.sk\\\/o-nas\\\/#breadcrumb\"},\"inLanguage\":\"de-DE\",\"potentialAction\":[{\"@type\":\"ReadAction\",\"target\":[\"https:\\\/\\\/hoteltatra.sk\\\/o-nas\\\/\"]}]},{\"@type\":\"BreadcrumbList\",\"@id\":\"https:\\\/\\\/hoteltatra.sk\\\/o-nas\\\/#breadcrumb\",\"itemListElement\":[{\"@type\":\"ListItem\",\"position\":1,\"name\":\"Home\",\"item\":\"https:\\\/\\\/hoteltatra.sk\\\/de\\\/\"},{\"@type\":\"ListItem\",\"position\":2,\"name\":\"\u00dcber uns\"}]},{\"@type\":\"WebSite\",\"@id\":\"https:\\\/\\\/hoteltatra.sk\\\/#website\",\"url\":\"https:\\\/\\\/hoteltatra.sk\\\/\",\"name\":\"Hotel Tatra Bratislava\",\"description\":\"\",\"potentialAction\":[{\"@type\":\"SearchAction\",\"target\":{\"@type\":\"EntryPoint\",\"urlTemplate\":\"https:\\\/\\\/hoteltatra.sk\\\/?s={search_term_string}\"},\"query-input\":{\"@type\":\"PropertyValueSpecification\",\"valueRequired\":true,\"valueName\":\"search_term_string\"}}],\"inLanguage\":\"de-DE\"}]}<\/script>\n<!-- \/ Yoast SEO plugin. -->","yoast_head_json":{"title":"O n\u00e1s - Hotel Tatra Bratislava","description":"Hotel Tatra bol zalo\u017een\u00fd v tridsiatych rokov minul\u00e9ho storo\u010dia. Hotel sa postupom \u010dasu stal centrom kult\u00farneho i spolo\u010densk\u00e9ho diania v Bratislave","robots":{"index":"index","follow":"follow","max-snippet":"max-snippet:-1","max-image-preview":"max-image-preview:large","max-video-preview":"max-video-preview:-1"},"canonical":"https:\/\/hoteltatra.sk\/o-nas\/","og_locale":"de_DE","og_type":"article","og_title":"O n\u00e1s - Hotel Tatra Bratislava","og_description":"Hotel Tatra bol zalo\u017een\u00fd v tridsiatych rokov minul\u00e9ho storo\u010dia. Hotel sa postupom \u010dasu stal centrom kult\u00farneho i spolo\u010densk\u00e9ho diania v Bratislave","og_url":"https:\/\/hoteltatra.sk\/o-nas\/","og_site_name":"Hotel Tatra Bratislava","article_modified_time":"2020-07-02T14:49:28+00:00","twitter_card":"summary_large_image","schema":{"@context":"https:\/\/schema.org","@graph":[{"@type":"WebPage","@id":"https:\/\/hoteltatra.sk\/o-nas\/","url":"https:\/\/hoteltatra.sk\/o-nas\/","name":"O n\u00e1s - Hotel Tatra Bratislava","isPartOf":{"@id":"https:\/\/hoteltatra.sk\/#website"},"datePublished":"2018-11-06T10:06:52+00:00","dateModified":"2020-07-02T14:49:28+00:00","description":"Hotel Tatra bol zalo\u017een\u00fd v tridsiatych rokov minul\u00e9ho storo\u010dia. Hotel sa postupom \u010dasu stal centrom kult\u00farneho i spolo\u010densk\u00e9ho diania v Bratislave","breadcrumb":{"@id":"https:\/\/hoteltatra.sk\/o-nas\/#breadcrumb"},"inLanguage":"de-DE","potentialAction":[{"@type":"ReadAction","target":["https:\/\/hoteltatra.sk\/o-nas\/"]}]},{"@type":"BreadcrumbList","@id":"https:\/\/hoteltatra.sk\/o-nas\/#breadcrumb","itemListElement":[{"@type":"ListItem","position":1,"name":"Home","item":"https:\/\/hoteltatra.sk\/de\/"},{"@type":"ListItem","position":2,"name":"\u00dcber uns"}]},{"@type":"WebSite","@id":"https:\/\/hoteltatra.sk\/#website","url":"https:\/\/hoteltatra.sk\/","name":"Hotel Tatra Bratislava","description":"","potentialAction":[{"@type":"SearchAction","target":{"@type":"EntryPoint","urlTemplate":"https:\/\/hoteltatra.sk\/?s={search_term_string}"},"query-input":{"@type":"PropertyValueSpecification","valueRequired":true,"valueName":"search_term_string"}}],"inLanguage":"de-DE"}]}},"_links":{"self":[{"href":"https:\/\/hoteltatra.sk\/de\/wp-json\/wp\/v2\/pages\/1289","targetHints":{"allow":["GET"]}}],"collection":[{"href":"https:\/\/hoteltatra.sk\/de\/wp-json\/wp\/v2\/pages"}],"about":[{"href":"https:\/\/hoteltatra.sk\/de\/wp-json\/wp\/v2\/types\/page"}],"author":[{"embeddable":true,"href":"https:\/\/hoteltatra.sk\/de\/wp-json\/wp\/v2\/users\/3"}],"replies":[{"embeddable":true,"href":"https:\/\/hoteltatra.sk\/de\/wp-json\/wp\/v2\/comments?post=1289"}],"version-history":[{"count":0,"href":"https:\/\/hoteltatra.sk\/de\/wp-json\/wp\/v2\/pages\/1289\/revisions"}],"wp:attachment":[{"href":"https:\/\/hoteltatra.sk\/de\/wp-json\/wp\/v2\/media?parent=1289"}],"curies":[{"name":"wp","href":"https:\/\/api.w.org\/{rel}","templated":true}]}}