{"id":1268,"date":"2018-11-15T17:33:00","date_gmt":"2018-11-15T16:33:00","guid":{"rendered":"http:\/\/hoteltatra.test.ptagroup.sk\/cookies\/"},"modified":"2018-11-23T13:55:55","modified_gmt":"2018-11-23T12:55:55","slug":"cookies","status":"publish","type":"page","link":"https:\/\/hoteltatra.sk\/en\/cookies\/","title":{"rendered":"Cookies"},"content":{"rendered":"<h2>\u010co je to cookies?<\/h2>\n<p>Lorem ipsum dolor sit amet, consectetur adipiscing elit, sed do eiusmod tempor incididunt ut labore et dolore magna aliqua. Ut enim ad minim veniam, quis nostrud exercitation ullamco laboris nisi ut aliquip ex ea commodo consequat. Duis aute irure dolor in reprehenderit in voluptate velit esse cillum dolore eu fugiat nulla pariatur.<\/p>\n<p>Lorem ipsum dolor sit amet, consectetur adipiscing elit, sed do eiusmod tempor incididunt ut labore et dolore magna aliqua. Ut enim ad minim veniam, quis nostrud exercitation ullamco laboris nisi ut aliquip ex ea commodo consequat. Duis aute irure dolor in reprehenderit in voluptate velit esse cillum dolore eu fugiat nulla pariatur.<\/p>\n<h2>Pou\u017e\u00edvanie cookies<\/h2>\n<p>Lorem ipsum dolor sit amet, consectetur adipiscing elit, sed do eiusmod tempor incididunt ut labore et dolore magna aliqua. Ut enim ad minim veniam, quis nostrud exercitation ullamco laboris nisi ut aliquip ex ea commodo consequat. Duis aute irure dolor in reprehenderit in voluptate velit esse cillum dolore eu fugiat nulla pariatur.<\/p>\n<h2>Pre\u010do pou\u017e\u00edvame cookies?<\/h2>\n<p>Lorem ipsum dolor sit amet, consectetur adipiscing elit, sed do eiusmod tempor incididunt ut labore et dolore magna aliqua. Ut enim ad minim veniam, quis nostrud exercitation ullamco laboris nisi ut aliquip ex ea commodo consequat. Duis aute irure dolor in reprehenderit in voluptate velit esse cillum dolore eu fugiat nulla pariatur.<\/p>\n<div class=\"pt-5\"><a class=\"btn btn-primary btn-lg mt-5\" href=\"\/\">sp\u00e4\u0165<\/a><\/div>\n","protected":false},"excerpt":{"rendered":"<p>\u010co je to cookies? Lorem ipsum dolor sit amet, consectetur adipiscing elit, sed do eiusmod tempor incididunt ut labore et dolore magna aliqua. Ut enim ad minim veniam, quis nostrud exercitation ullamco laboris nisi ut aliquip ex ea commodo consequat. Duis aute irure dolor in reprehenderit in voluptate velit esse cillum dolore eu fugiat nulla [&hellip;]<\/p>\n","protected":false},"author":3,"featured_media":0,"parent":0,"menu_order":0,"comment_status":"closed","ping_status":"closed","template":"","meta":{"_acf_changed":false,"footnotes":""},"class_list":["post-1268","page","type-page","status-publish","hentry"],"acf":[],"yoast_head":"<!-- This site is optimized with the Yoast SEO plugin v27.5 - https:\/\/yoast.com\/product\/yoast-seo-wordpress\/ -->\n<title>Cookies - Hotel Tatra Bratislava<\/title>\n<meta name=\"description\" content=\"S pote\u0161en\u00edm prij\u00edmame, \u017ee ste nav\u0161t\u00edvili na\u0161u webov\u00fa str\u00e1nku a m\u00e1te z\u00e1ujem o na\u0161e slu\u017eby. Je pre n\u00e1s d\u00f4le\u017eit\u00e9 ochra\u0148ova\u0165 Va\u0161e osobn\u00e9 \u00fadaje po\u010das cel\u00e9ho obchodn\u00e9ho procesu.\" \/>\n<meta name=\"robots\" content=\"index, follow, max-snippet:-1, max-image-preview:large, max-video-preview:-1\" \/>\n<link rel=\"canonical\" href=\"https:\/\/hoteltatra.sk\/cookies\/\" \/>\n<meta property=\"og:locale\" content=\"en_US\" \/>\n<meta property=\"og:type\" content=\"article\" \/>\n<meta property=\"og:title\" content=\"Cookies - Hotel Tatra Bratislava\" \/>\n<meta property=\"og:description\" content=\"S pote\u0161en\u00edm prij\u00edmame, \u017ee ste nav\u0161t\u00edvili na\u0161u webov\u00fa str\u00e1nku a m\u00e1te z\u00e1ujem o na\u0161e slu\u017eby. Je pre n\u00e1s d\u00f4le\u017eit\u00e9 ochra\u0148ova\u0165 Va\u0161e osobn\u00e9 \u00fadaje po\u010das cel\u00e9ho obchodn\u00e9ho procesu.\" \/>\n<meta property=\"og:url\" content=\"https:\/\/hoteltatra.sk\/cookies\/\" \/>\n<meta property=\"og:site_name\" content=\"Hotel Tatra Bratislava\" \/>\n<meta property=\"article:modified_time\" content=\"2018-11-23T12:55:55+00:00\" \/>\n<meta name=\"twitter:card\" content=\"summary_large_image\" \/>\n<meta name=\"twitter:label1\" content=\"Est. reading time\" \/>\n\t<meta name=\"twitter:data1\" content=\"1 minute\" \/>\n<script type=\"application\/ld+json\" class=\"yoast-schema-graph\">{\"@context\":\"https:\\\/\\\/schema.org\",\"@graph\":[{\"@type\":\"WebPage\",\"@id\":\"https:\\\/\\\/hoteltatra.sk\\\/cookies\\\/\",\"url\":\"https:\\\/\\\/hoteltatra.sk\\\/cookies\\\/\",\"name\":\"Cookies - Hotel Tatra Bratislava\",\"isPartOf\":{\"@id\":\"https:\\\/\\\/hoteltatra.sk\\\/#website\"},\"datePublished\":\"2018-11-15T16:33:00+00:00\",\"dateModified\":\"2018-11-23T12:55:55+00:00\",\"description\":\"S pote\u0161en\u00edm prij\u00edmame, \u017ee ste nav\u0161t\u00edvili na\u0161u webov\u00fa str\u00e1nku a m\u00e1te z\u00e1ujem o na\u0161e slu\u017eby. Je pre n\u00e1s d\u00f4le\u017eit\u00e9 ochra\u0148ova\u0165 Va\u0161e osobn\u00e9 \u00fadaje po\u010das cel\u00e9ho obchodn\u00e9ho procesu.\",\"breadcrumb\":{\"@id\":\"https:\\\/\\\/hoteltatra.sk\\\/cookies\\\/#breadcrumb\"},\"inLanguage\":\"en-US\",\"potentialAction\":[{\"@type\":\"ReadAction\",\"target\":[\"https:\\\/\\\/hoteltatra.sk\\\/cookies\\\/\"]}]},{\"@type\":\"BreadcrumbList\",\"@id\":\"https:\\\/\\\/hoteltatra.sk\\\/cookies\\\/#breadcrumb\",\"itemListElement\":[{\"@type\":\"ListItem\",\"position\":1,\"name\":\"Home\",\"item\":\"https:\\\/\\\/hoteltatra.sk\\\/en\\\/\"},{\"@type\":\"ListItem\",\"position\":2,\"name\":\"Cookies\"}]},{\"@type\":\"WebSite\",\"@id\":\"https:\\\/\\\/hoteltatra.sk\\\/#website\",\"url\":\"https:\\\/\\\/hoteltatra.sk\\\/\",\"name\":\"Hotel Tatra Bratislava\",\"description\":\"\",\"potentialAction\":[{\"@type\":\"SearchAction\",\"target\":{\"@type\":\"EntryPoint\",\"urlTemplate\":\"https:\\\/\\\/hoteltatra.sk\\\/?s={search_term_string}\"},\"query-input\":{\"@type\":\"PropertyValueSpecification\",\"valueRequired\":true,\"valueName\":\"search_term_string\"}}],\"inLanguage\":\"en-US\"}]}<\/script>\n<!-- \/ Yoast SEO plugin. -->","yoast_head_json":{"title":"Cookies - Hotel Tatra Bratislava","description":"S pote\u0161en\u00edm prij\u00edmame, \u017ee ste nav\u0161t\u00edvili na\u0161u webov\u00fa str\u00e1nku a m\u00e1te z\u00e1ujem o na\u0161e slu\u017eby. Je pre n\u00e1s d\u00f4le\u017eit\u00e9 ochra\u0148ova\u0165 Va\u0161e osobn\u00e9 \u00fadaje po\u010das cel\u00e9ho obchodn\u00e9ho procesu.","robots":{"index":"index","follow":"follow","max-snippet":"max-snippet:-1","max-image-preview":"max-image-preview:large","max-video-preview":"max-video-preview:-1"},"canonical":"https:\/\/hoteltatra.sk\/cookies\/","og_locale":"en_US","og_type":"article","og_title":"Cookies - Hotel Tatra Bratislava","og_description":"S pote\u0161en\u00edm prij\u00edmame, \u017ee ste nav\u0161t\u00edvili na\u0161u webov\u00fa str\u00e1nku a m\u00e1te z\u00e1ujem o na\u0161e slu\u017eby. Je pre n\u00e1s d\u00f4le\u017eit\u00e9 ochra\u0148ova\u0165 Va\u0161e osobn\u00e9 \u00fadaje po\u010das cel\u00e9ho obchodn\u00e9ho procesu.","og_url":"https:\/\/hoteltatra.sk\/cookies\/","og_site_name":"Hotel Tatra Bratislava","article_modified_time":"2018-11-23T12:55:55+00:00","twitter_card":"summary_large_image","twitter_misc":{"Est. reading time":"1 minute"},"schema":{"@context":"https:\/\/schema.org","@graph":[{"@type":"WebPage","@id":"https:\/\/hoteltatra.sk\/cookies\/","url":"https:\/\/hoteltatra.sk\/cookies\/","name":"Cookies - Hotel Tatra Bratislava","isPartOf":{"@id":"https:\/\/hoteltatra.sk\/#website"},"datePublished":"2018-11-15T16:33:00+00:00","dateModified":"2018-11-23T12:55:55+00:00","description":"S pote\u0161en\u00edm prij\u00edmame, \u017ee ste nav\u0161t\u00edvili na\u0161u webov\u00fa str\u00e1nku a m\u00e1te z\u00e1ujem o na\u0161e slu\u017eby. Je pre n\u00e1s d\u00f4le\u017eit\u00e9 ochra\u0148ova\u0165 Va\u0161e osobn\u00e9 \u00fadaje po\u010das cel\u00e9ho obchodn\u00e9ho procesu.","breadcrumb":{"@id":"https:\/\/hoteltatra.sk\/cookies\/#breadcrumb"},"inLanguage":"en-US","potentialAction":[{"@type":"ReadAction","target":["https:\/\/hoteltatra.sk\/cookies\/"]}]},{"@type":"BreadcrumbList","@id":"https:\/\/hoteltatra.sk\/cookies\/#breadcrumb","itemListElement":[{"@type":"ListItem","position":1,"name":"Home","item":"https:\/\/hoteltatra.sk\/en\/"},{"@type":"ListItem","position":2,"name":"Cookies"}]},{"@type":"WebSite","@id":"https:\/\/hoteltatra.sk\/#website","url":"https:\/\/hoteltatra.sk\/","name":"Hotel Tatra Bratislava","description":"","potentialAction":[{"@type":"SearchAction","target":{"@type":"EntryPoint","urlTemplate":"https:\/\/hoteltatra.sk\/?s={search_term_string}"},"query-input":{"@type":"PropertyValueSpecification","valueRequired":true,"valueName":"search_term_string"}}],"inLanguage":"en-US"}]}},"_links":{"self":[{"href":"https:\/\/hoteltatra.sk\/en\/wp-json\/wp\/v2\/pages\/1268","targetHints":{"allow":["GET"]}}],"collection":[{"href":"https:\/\/hoteltatra.sk\/en\/wp-json\/wp\/v2\/pages"}],"about":[{"href":"https:\/\/hoteltatra.sk\/en\/wp-json\/wp\/v2\/types\/page"}],"author":[{"embeddable":true,"href":"https:\/\/hoteltatra.sk\/en\/wp-json\/wp\/v2\/users\/3"}],"replies":[{"embeddable":true,"href":"https:\/\/hoteltatra.sk\/en\/wp-json\/wp\/v2\/comments?post=1268"}],"version-history":[{"count":0,"href":"https:\/\/hoteltatra.sk\/en\/wp-json\/wp\/v2\/pages\/1268\/revisions"}],"wp:attachment":[{"href":"https:\/\/hoteltatra.sk\/en\/wp-json\/wp\/v2\/media?parent=1268"}],"curies":[{"name":"wp","href":"https:\/\/api.w.org\/{rel}","templated":true}]}}